{"id":10,"date":"2026-02-16T14:41:05","date_gmt":"2026-02-16T14:41:05","guid":{"rendered":"http:\/\/vvdatpf.cluster121.hosting.ovh.net\/?page_id=10"},"modified":"2026-02-28T20:22:00","modified_gmt":"2026-02-28T20:22:00","slug":"home-itiz","status":"publish","type":"page","link":"http:\/\/itiz.pl\/en\/","title":{"rendered":"Home"},"content":{"rendered":"<div data-elementor-type=\"wp-post\" data-elementor-id=\"10\" class=\"elementor elementor-10\">\n\t\t\t\t<div class=\"elementor-element elementor-element-9a18dfb e-flex e-con-boxed e-con e-parent\" data-id=\"9a18dfb\" data-element_type=\"container\" data-e-type=\"container\">\n\t\t\t\t\t<div class=\"e-con-inner\">\n\t\t\t\t<div class=\"elementor-element elementor-element-98a77d8 elementor-widget elementor-widget-image\" data-id=\"98a77d8\" data-element_type=\"widget\" data-e-type=\"widget\" data-widget_type=\"image.default\">\n\t\t\t\t\t\t\t\t\t\t\t\t\t\t\t<img decoding=\"async\" width=\"150\" height=\"43\" src=\"https:\/\/itiz.pl\/wp-content\/uploads\/2026\/02\/Logo_itiz.svg\" class=\"attachment-thumbnail size-thumbnail wp-image-20\" alt=\"itiz sp z oo\" \/>\t\t\t\t\t\t\t\t\t\t\t\t\t\t\t<\/div>\n\t\t\t\t\t<\/div>\n\t\t\t\t<\/div>\n\t\t<div class=\"elementor-element elementor-element-3f04ccb e-flex e-con-boxed e-con e-parent\" data-id=\"3f04ccb\" data-element_type=\"container\" data-e-type=\"container\">\n\t\t\t\t\t<div class=\"e-con-inner\">\n\t\t\t\t<div class=\"elementor-element elementor-element-5da1701 elementor-widget__width-auto elementor-widget elementor-widget-heading\" data-id=\"5da1701\" data-element_type=\"widget\" data-e-type=\"widget\" data-widget_type=\"heading.default\">\n\t\t\t\t\t<h1 class=\"elementor-heading-title elementor-size-default\">Strategic consulting in the field of information systems<\/h1>\t\t\t\t<\/div>\n\t\t\t\t\t<\/div>\n\t\t\t\t<\/div>\n\t\t<div class=\"elementor-element elementor-element-001f7c8 e-flex e-con-boxed e-con e-parent\" data-id=\"001f7c8\" data-element_type=\"container\" data-e-type=\"container\">\n\t\t\t\t\t<div class=\"e-con-inner\">\n\t\t\t\t<div class=\"elementor-element elementor-element-fe57ac9 elementor-widget elementor-widget-text-editor\" data-id=\"fe57ac9\" data-element_type=\"widget\" data-e-type=\"widget\" data-widget_type=\"text-editor.default\">\n\t\t\t\t\t\t\t\t\t<p><span style=\"font-weight: 400;\">ITIZ sp. z o.o. is an IT consulting company based in Poland.<\/span><span style=\"font-weight: 400;\"><br \/><\/span><span style=\"font-weight: 400;\"> We support organizations in improving decision-making, data management, and IT strategy through independent consulting, system reviews, and digital transformation support.<\/span><\/p><p><span style=\"font-weight: 400;\">Our mission is to help companies organize their information systems in such a way that technology truly supports business development and long-term efficiency.<\/span><\/p>\t\t\t\t\t\t\t\t<\/div>\n\t\t\t\t\t<\/div>\n\t\t\t\t<\/div>\n\t\t<div class=\"elementor-element elementor-element-20b58a3 e-flex e-con-boxed e-con e-parent\" data-id=\"20b58a3\" data-element_type=\"container\" data-e-type=\"container\">\n\t\t\t\t\t<div class=\"e-con-inner\">\n\t\t\t\t<div class=\"elementor-element elementor-element-94bfaea elementor-widget elementor-widget-text-editor\" data-id=\"94bfaea\" data-element_type=\"widget\" data-e-type=\"widget\" data-widget_type=\"text-editor.default\">\n\t\t\t\t\t\t\t\t\t<p>ITIZ sp. z o.o.<br \/><br \/>ul. Pulawska 12\/3<br \/>02-566 Warszawa<br \/>Poland<br \/>contact@itiz.pl<\/p><p>\u00a9 2026 ITIZ sp. z o.o.<\/p>\t\t\t\t\t\t\t\t<\/div>\n\t\t\t\t\t<\/div>\n\t\t\t\t<\/div>\n\t\t<div class=\"elementor-element elementor-element-39e7132 e-flex e-con-boxed e-con e-parent\" data-id=\"39e7132\" data-element_type=\"container\" data-e-type=\"container\">\n\t\t\t\t\t<div class=\"e-con-inner\">\n\t\t\t\t\t<\/div>\n\t\t\t\t<\/div>\n\t\t\t\t<\/div>","protected":false},"excerpt":{"rendered":"<p>Doradztwo strategiczne w zakresie system\u00f3w informacyjnych ITIZ sp. z o.o. to firma doradcza w zakresie system\u00f3w informacyjnych z siedzib\u0105 w Polsce. Wspieramy organizacje w usprawnianiu podejmowania decyzji, zarz\u0105dzaniu danymi oraz strategii IT poprzez niezale\u017cne doradztwo, przegl\u0105dy system\u00f3w oraz wsparcie transformacji cyfrowej. Nasz\u0105 misj\u0105 jest pomaganie firmom w takim organizowaniu system\u00f3w informacyjnych, aby technologia realnie wspiera\u0142a [&hellip;]<\/p>\n","protected":false},"author":1,"featured_media":0,"parent":0,"menu_order":0,"comment_status":"closed","ping_status":"closed","template":"elementor_canvas","meta":{"footnotes":""},"class_list":["post-10","page","type-page","status-publish","hentry"],"_links":{"self":[{"href":"http:\/\/itiz.pl\/en\/wp-json\/wp\/v2\/pages\/10","targetHints":{"allow":["GET"]}}],"collection":[{"href":"http:\/\/itiz.pl\/en\/wp-json\/wp\/v2\/pages"}],"about":[{"href":"http:\/\/itiz.pl\/en\/wp-json\/wp\/v2\/types\/page"}],"author":[{"embeddable":true,"href":"http:\/\/itiz.pl\/en\/wp-json\/wp\/v2\/users\/1"}],"replies":[{"embeddable":true,"href":"http:\/\/itiz.pl\/en\/wp-json\/wp\/v2\/comments?post=10"}],"version-history":[{"count":59,"href":"http:\/\/itiz.pl\/en\/wp-json\/wp\/v2\/pages\/10\/revisions"}],"predecessor-version":[{"id":214,"href":"http:\/\/itiz.pl\/en\/wp-json\/wp\/v2\/pages\/10\/revisions\/214"}],"wp:attachment":[{"href":"http:\/\/itiz.pl\/en\/wp-json\/wp\/v2\/media?parent=10"}],"curies":[{"name":"wp","href":"https:\/\/api.w.org\/{rel}","templated":true}]}}